{"id":90,"date":"2020-02-23T17:43:06","date_gmt":"2020-02-23T17:43:06","guid":{"rendered":"https:\/\/cuprum.rs\/?page_id=90"},"modified":"2023-02-05T13:27:12","modified_gmt":"2023-02-05T13:27:12","slug":"o-nama","status":"publish","type":"page","link":"https:\/\/cuprum.rs\/en\/o-nama\/","title":{"rendered":"About us"},"content":{"rendered":"<div data-elementor-type=\"wp-page\" data-elementor-id=\"90\" class=\"elementor elementor-90\">\n\t\t\t\t\t\t<div class=\"elementor-inner\">\n\t\t\t\t<div class=\"elementor-section-wrap\">\n\t\t\t\t\t\t\t\t\t<section class=\"elementor-section elementor-top-section elementor-element elementor-element-a95755a elementor-section-height-min-height elementor-section-items-stretch elementor-section-boxed elementor-section-height-default\" data-id=\"a95755a\" data-element_type=\"section\" data-settings=\"{&quot;background_background&quot;:&quot;classic&quot;}\">\n\t\t\t\t\t\t\t<div class=\"elementor-background-overlay\"><\/div>\n\t\t\t\t\t\t\t<div class=\"elementor-container elementor-column-gap-default\">\n\t\t\t\t\t\t\t<div class=\"elementor-row\">\n\t\t\t\t\t<div class=\"elementor-column elementor-col-50 elementor-top-column elementor-element elementor-element-f1754cb\" data-id=\"f1754cb\" data-element_type=\"column\" data-settings=\"{&quot;animation&quot;:&quot;none&quot;}\">\n\t\t\t<div class=\"elementor-column-wrap elementor-element-populated\">\n\t\t\t\t\t\t\t<div class=\"elementor-widget-wrap\">\n\t\t\t\t\t\t<div class=\"elementor-element elementor-element-0063e15 elementor-widget elementor-widget-heading\" data-id=\"0063e15\" data-element_type=\"widget\" data-widget_type=\"heading.default\">\n\t\t\t\t<div class=\"elementor-widget-container\">\n\t\t\t<h1 class=\"elementor-heading-title elementor-size-default\">about us<\/h1>\t\t<\/div>\n\t\t\t\t<\/div>\n\t\t\t\t<div class=\"elementor-element elementor-element-8485471 elementor-widget elementor-widget-text-editor\" data-id=\"8485471\" data-element_type=\"widget\" data-widget_type=\"text-editor.default\">\n\t\t\t\t<div class=\"elementor-widget-container\">\n\t\t\t\t\t\t\t\t<div class=\"elementor-text-editor elementor-clearfix\">\n\t\t\t\tThe company CUPRUM doo was founded in 1992, and during its existence and business we dealt with representation and distribution as well as installation of insulation materials.\t\t\t\t\t<\/div>\n\t\t\t\t\t\t<\/div>\n\t\t\t\t<\/div>\n\t\t\t\t\t\t<\/div>\n\t\t\t\t\t<\/div>\n\t\t<\/div>\n\t\t\t\t<div class=\"elementor-column elementor-col-50 elementor-top-column elementor-element elementor-element-7530af4\" data-id=\"7530af4\" data-element_type=\"column\">\n\t\t\t<div class=\"elementor-column-wrap\">\n\t\t\t\t\t\t\t<div class=\"elementor-widget-wrap\">\n\t\t\t\t\t\t\t\t<\/div>\n\t\t\t\t\t<\/div>\n\t\t<\/div>\n\t\t\t\t\t\t\t\t<\/div>\n\t\t\t\t\t<\/div>\n\t\t<\/section>\n\t\t\t\t<section class=\"elementor-section elementor-top-section elementor-element elementor-element-35679d2 elementor-section-boxed elementor-section-height-default elementor-section-height-default\" data-id=\"35679d2\" data-element_type=\"section\">\n\t\t\t\t\t\t<div class=\"elementor-container elementor-column-gap-default\">\n\t\t\t\t\t\t\t<div class=\"elementor-row\">\n\t\t\t\t\t<div class=\"elementor-column elementor-col-100 elementor-top-column elementor-element elementor-element-6d5a784\" data-id=\"6d5a784\" data-element_type=\"column\">\n\t\t\t<div class=\"elementor-column-wrap elementor-element-populated\">\n\t\t\t\t\t\t\t<div class=\"elementor-widget-wrap\">\n\t\t\t\t\t\t<section class=\"elementor-section elementor-inner-section elementor-element elementor-element-9ecd693 elementor-reverse-tablet elementor-section-boxed elementor-section-height-default elementor-section-height-default\" data-id=\"9ecd693\" data-element_type=\"section\">\n\t\t\t\t\t\t<div class=\"elementor-container elementor-column-gap-default\">\n\t\t\t\t\t\t\t<div class=\"elementor-row\">\n\t\t\t\t\t<div class=\"elementor-column elementor-col-50 elementor-inner-column elementor-element elementor-element-91c3d2a\" data-id=\"91c3d2a\" data-element_type=\"column\" data-settings=\"{&quot;animation&quot;:&quot;none&quot;}\">\n\t\t\t<div class=\"elementor-column-wrap elementor-element-populated\">\n\t\t\t\t\t\t\t<div class=\"elementor-widget-wrap\">\n\t\t\t\t\t\t<div class=\"elementor-element elementor-element-87657d1 elementor-widget elementor-widget-image\" data-id=\"87657d1\" data-element_type=\"widget\" data-widget_type=\"image.default\">\n\t\t\t\t<div class=\"elementor-widget-container\">\n\t\t\t\t\t\t\t\t<div class=\"elementor-image\">\n\t\t\t\t\t\t\t\t\t\t\t\t<img decoding=\"async\" width=\"800\" height=\"600\" src=\"https:\/\/cuprum.rs\/wp-content\/uploads\/2020\/02\/00.jpg\" class=\"attachment-large size-large wp-image-238\" alt=\"\" loading=\"lazy\" srcset=\"https:\/\/cuprum.rs\/wp-content\/uploads\/2020\/02\/00.jpg 800w, https:\/\/cuprum.rs\/wp-content\/uploads\/2020\/02\/00-300x225.jpg 300w, https:\/\/cuprum.rs\/wp-content\/uploads\/2020\/02\/00-768x576.jpg 768w\" sizes=\"(max-width: 800px) 100vw, 800px\" \/>\t\t\t\t\t\t\t\t\t\t\t\t\t\t<\/div>\n\t\t\t\t\t\t<\/div>\n\t\t\t\t<\/div>\n\t\t\t\t\t\t<\/div>\n\t\t\t\t\t<\/div>\n\t\t<\/div>\n\t\t\t\t<div class=\"elementor-column elementor-col-50 elementor-inner-column elementor-element elementor-element-a8e367a\" data-id=\"a8e367a\" data-element_type=\"column\" data-settings=\"{&quot;animation&quot;:&quot;none&quot;}\">\n\t\t\t<div class=\"elementor-column-wrap elementor-element-populated\">\n\t\t\t\t\t\t\t<div class=\"elementor-widget-wrap\">\n\t\t\t\t\t\t<div class=\"elementor-element elementor-element-0a56859 elementor-widget elementor-widget-text-editor\" data-id=\"0a56859\" data-element_type=\"widget\" data-widget_type=\"text-editor.default\">\n\t\t\t\t<div class=\"elementor-widget-container\">\n\t\t\t\t\t\t\t\t<div class=\"elementor-text-editor elementor-clearfix\">\n\t\t\t\t<p>After ten years of presence on various projects (History of the company), following the progress of modern technologies, as well as many years of experience working on the waterproofing of buildings, we opted for solutions that are the most adequate and long-lasting, and therefore the highest quality through time exploitation.<\/p><p>Geomembranes (HDPE, GCL, LDPE, EPDM)<br \/>Geomembranes provide a barrier function for the protection of the environment - water, soil and air - they are used as a barrier for leakage as well as containment of liquids and gases.<br \/>The use of polyethylene (PE) flexible geomembrane liners has now reached the point of almost universal application, where many projects specify geomembrane liners. Geomembrane liners are universally accepted elements of design and construction.<br \/>They are very durable, weather and climate resistant and offer resistance to a wide range of chemical solutions. At the same time, they provide security for buildings through ten-year guarantees in every sense.<\/p><p><a href=\"https:\/\/www.solmax.com\/\" target=\"_blank\" rel=\"noopener\"><img decoding=\"async\" loading=\"lazy\" class=\"alignnone\" src=\"https:\/\/cuprum.rs\/wp-content\/uploads\/2022\/11\/logoautosolmaxautohorizontal.png\" alt=\"Solmax\" width=\"1523\" height=\"348\" \/><\/a><\/p><p>SOLMAX manufactures various types of polymer geosynthetic barriers for demanding applications, from mining and any class of landfill, to the petrochemical, oil and gas industry and aquaculture.<br \/>We are official representatives of the company Solmax (Serbia, Bosnia and Herzegovina, Montenegro and Macedonia), which is the world's leading manufacturer of geomaterials - geosynthetics, for the HDPE (high density polyethylene) program of all types and types of membranes.<\/p><p>Geotextiles (PP, PP-R, PES, PES-R)<br \/>Geotextiles are part of a wider group of membranes in construction, which are called geosynthetics.<br \/>They are widely used in construction, and are most often used in works such as: road and railway infrastructure, river and coastal works, flat and green roof systems, drainage, sports fields and agricultural applications.<br \/>They are packed in rolls and cut to fabric. They are usually made from a limited number of polymers (polypropylene and polyester).<br \/><br \/><\/p><p><a href=\"https:\/\/www.manifatturafontana.com\/?lang=en\" target=\"_blank\" rel=\"https:\/\/www.manifatturafontana.com\/?lang=en noopener\"><img decoding=\"async\" loading=\"lazy\" class=\"alignnone\" src=\"https:\/\/cuprum.rs\/wp-content\/uploads\/2020\/02\/FONTANA-logo-t.png\" alt=\"\" width=\"395\" height=\"177\" \/><\/a><\/p><p>Manifattura Fontana produces all types of geotextiles in white, black or multicolor variants, in different densities (different weights per m2) and in different roll heights. In addition, there are woven and non-woven geotextiles.<\/p>\t\t\t\t\t<\/div>\n\t\t\t\t\t\t<\/div>\n\t\t\t\t<\/div>\n\t\t\t\t\t\t<\/div>\n\t\t\t\t\t<\/div>\n\t\t<\/div>\n\t\t\t\t\t\t\t\t<\/div>\n\t\t\t\t\t<\/div>\n\t\t<\/section>\n\t\t\t\t\t\t<\/div>\n\t\t\t\t\t<\/div>\n\t\t<\/div>\n\t\t\t\t\t\t\t\t<\/div>\n\t\t\t\t\t<\/div>\n\t\t<\/section>\n\t\t\t\t<section class=\"elementor-section elementor-top-section elementor-element elementor-element-d5a6e2f elementor-section-boxed elementor-section-height-default elementor-section-height-default\" data-id=\"d5a6e2f\" data-element_type=\"section\">\n\t\t\t\t\t\t<div class=\"elementor-container elementor-column-gap-default\">\n\t\t\t\t\t\t\t<div class=\"elementor-row\">\n\t\t\t\t\t<div class=\"elementor-column elementor-col-100 elementor-top-column elementor-element elementor-element-4e0a6e1\" data-id=\"4e0a6e1\" data-element_type=\"column\">\n\t\t\t<div class=\"elementor-column-wrap elementor-element-populated\">\n\t\t\t\t\t\t\t<div class=\"elementor-widget-wrap\">\n\t\t\t\t\t\t<div class=\"elementor-element elementor-element-3fe14f2 elementor-widget elementor-widget-heading\" data-id=\"3fe14f2\" data-element_type=\"widget\" data-widget_type=\"heading.default\">\n\t\t\t\t<div class=\"elementor-widget-container\">\n\t\t\t<h2 class=\"elementor-heading-title elementor-size-default\"><a href=\"https:\/\/cuprum.rs\/en\/istorijat\/\">The history of the company<\/a><\/h2>\t\t<\/div>\n\t\t\t\t<\/div>\n\t\t\t\t\t\t<\/div>\n\t\t\t\t\t<\/div>\n\t\t<\/div>\n\t\t\t\t\t\t\t\t<\/div>\n\t\t\t\t\t<\/div>\n\t\t<\/section>\n\t\t\t\t<section class=\"elementor-section elementor-top-section elementor-element elementor-element-80abe17 elementor-section-content-middle elementor-section-boxed elementor-section-height-default elementor-section-height-default\" data-id=\"80abe17\" data-element_type=\"section\" data-settings=\"{&quot;background_background&quot;:&quot;classic&quot;}\">\n\t\t\t\t\t\t\t<div class=\"elementor-background-overlay\"><\/div>\n\t\t\t\t\t\t\t<div class=\"elementor-container elementor-column-gap-default\">\n\t\t\t\t\t\t\t<div class=\"elementor-row\">\n\t\t\t\t\t<div class=\"elementor-column elementor-col-100 elementor-top-column elementor-element elementor-element-009ed27\" data-id=\"009ed27\" data-element_type=\"column\">\n\t\t\t<div class=\"elementor-column-wrap elementor-element-populated\">\n\t\t\t\t\t\t\t<div class=\"elementor-widget-wrap\">\n\t\t\t\t\t\t<div class=\"elementor-element elementor-element-6211a2e elementor-align-center elementor-mobile-align-center elementor-widget elementor-widget-button\" data-id=\"6211a2e\" data-element_type=\"widget\" data-widget_type=\"button.default\">\n\t\t\t\t<div class=\"elementor-widget-container\">\n\t\t\t\t\t<div class=\"elementor-button-wrapper\">\n\t\t\t<a href=\"https:\/\/cuprum.rs\/en\/kontakt\/\" class=\"elementor-button-link elementor-button elementor-size-sm elementor-animation-float\" role=\"button\">\n\t\t\t\t\t\t<span class=\"elementor-button-content-wrapper\">\n\t\t\t\t\t\t\t<span class=\"elementor-button-icon elementor-align-icon-left\">\n\t\t\t\t\t\t\t<\/span>\n\t\t\t\t\t\t<span class=\"elementor-button-text\">Contact us<\/span>\n\t\t<\/span>\n\t\t\t\t\t<\/a>\n\t\t<\/div>\n\t\t\t\t<\/div>\n\t\t\t\t<\/div>\n\t\t\t\t\t\t<\/div>\n\t\t\t\t\t<\/div>\n\t\t<\/div>\n\t\t\t\t\t\t\t\t<\/div>\n\t\t\t\t\t<\/div>\n\t\t<\/section>\n\t\t\t\t\t\t\t\t\t<\/div>\n\t\t\t<\/div>\n\t\t\t\t\t<\/div>","protected":false},"excerpt":{"rendered":"<p>o nama Firma CUPRUM doo je osnovana 1992. godine i tokom svog postojanja i poslovanja bavili smo se zastupanjem i distribucijom kao i ugradnjom izolacionih materijala. Nakon decenijskog prisustva na raznim projektima (Istorijat firme), prate\u0107i napredak savremenih tehnologija, kao i dugogodi\u0161njeg iskustva, rade\u0107i na hidroizolacijama objekata, opredelili smo se za re\u0161enja koja su najadekvatnija i \u2026<\/p>\n<p class=\"read-more\"> <a class=\"\" href=\"https:\/\/cuprum.rs\/en\/o-nama\/\"> <span class=\"screen-reader-text\">About us<\/span> Read More \u00bb<\/a><\/p>","protected":false},"author":1,"featured_media":0,"parent":0,"menu_order":0,"comment_status":"closed","ping_status":"closed","template":"elementor_header_footer","meta":{"site-sidebar-layout":"no-sidebar","site-content-layout":"page-builder","ast-global-header-display":"","ast-main-header-display":"","ast-hfb-above-header-display":"","ast-hfb-below-header-display":"","ast-hfb-mobile-header-display":"","site-post-title":"","ast-breadcrumbs-content":"","ast-featured-img":"","footer-sml-layout":"","theme-transparent-header-meta":"default","adv-header-id-meta":"","stick-header-meta":"","header-above-stick-meta":"","header-main-stick-meta":"","header-below-stick-meta":""},"_links":{"self":[{"href":"https:\/\/cuprum.rs\/en\/wp-json\/wp\/v2\/pages\/90"}],"collection":[{"href":"https:\/\/cuprum.rs\/en\/wp-json\/wp\/v2\/pages"}],"about":[{"href":"https:\/\/cuprum.rs\/en\/wp-json\/wp\/v2\/types\/page"}],"author":[{"embeddable":true,"href":"https:\/\/cuprum.rs\/en\/wp-json\/wp\/v2\/users\/1"}],"replies":[{"embeddable":true,"href":"https:\/\/cuprum.rs\/en\/wp-json\/wp\/v2\/comments?post=90"}],"version-history":[{"count":70,"href":"https:\/\/cuprum.rs\/en\/wp-json\/wp\/v2\/pages\/90\/revisions"}],"predecessor-version":[{"id":718,"href":"https:\/\/cuprum.rs\/en\/wp-json\/wp\/v2\/pages\/90\/revisions\/718"}],"wp:attachment":[{"href":"https:\/\/cuprum.rs\/en\/wp-json\/wp\/v2\/media?parent=90"}],"curies":[{"name":"wp","href":"https:\/\/api.w.org\/{rel}","templated":true}]}}