{"id":649,"date":"2023-01-27T15:44:27","date_gmt":"2023-01-27T15:44:27","guid":{"rendered":"https:\/\/cuprum.rs\/?page_id=649"},"modified":"2023-02-05T13:03:47","modified_gmt":"2023-02-05T13:03:47","slug":"istorijat","status":"publish","type":"page","link":"https:\/\/cuprum.rs\/en\/istorijat\/","title":{"rendered":"Istorijat"},"content":{"rendered":"<div data-elementor-type=\"wp-page\" data-elementor-id=\"649\" class=\"elementor elementor-649\">\n\t\t\t\t\t\t<div class=\"elementor-inner\">\n\t\t\t\t<div class=\"elementor-section-wrap\">\n\t\t\t\t\t\t\t\t\t<section class=\"elementor-section elementor-top-section elementor-element elementor-element-a95755a elementor-section-height-min-height elementor-section-items-stretch elementor-section-boxed elementor-section-height-default\" data-id=\"a95755a\" data-element_type=\"section\" data-settings=\"{&quot;background_background&quot;:&quot;classic&quot;}\">\n\t\t\t\t\t\t\t<div class=\"elementor-background-overlay\"><\/div>\n\t\t\t\t\t\t\t<div class=\"elementor-container elementor-column-gap-default\">\n\t\t\t\t\t\t\t<div class=\"elementor-row\">\n\t\t\t\t\t<div class=\"elementor-column elementor-col-50 elementor-top-column elementor-element elementor-element-f1754cb\" data-id=\"f1754cb\" data-element_type=\"column\" data-settings=\"{&quot;animation&quot;:&quot;none&quot;}\">\n\t\t\t<div class=\"elementor-column-wrap elementor-element-populated\">\n\t\t\t\t\t\t\t<div class=\"elementor-widget-wrap\">\n\t\t\t\t\t\t<div class=\"elementor-element elementor-element-0063e15 elementor-widget elementor-widget-heading\" data-id=\"0063e15\" data-element_type=\"widget\" data-widget_type=\"heading.default\">\n\t\t\t\t<div class=\"elementor-widget-container\">\n\t\t\t<h1 class=\"elementor-heading-title elementor-size-default\">The history of the company<\/h1>\t\t<\/div>\n\t\t\t\t<\/div>\n\t\t\t\t<div class=\"elementor-element elementor-element-8485471 elementor-widget elementor-widget-text-editor\" data-id=\"8485471\" data-element_type=\"widget\" data-widget_type=\"text-editor.default\">\n\t\t\t\t<div class=\"elementor-widget-container\">\n\t\t\t\t\t\t\t\t<div class=\"elementor-text-editor elementor-clearfix\">\n\t\t\t\t<p>The company CUPRUM doo was founded in 1992 and during the first decade of its existence and business we were engaged in the representation and distribution of the product range Von Roll Isola, a Swiss manufacturer of electrical insulation materials for the production and repair of electric motors (including traction motors), generators, transformers, induction furnaces, power magnets for cranes of all strengths and sizes.<\/p>\t\t\t\t\t<\/div>\n\t\t\t\t\t\t<\/div>\n\t\t\t\t<\/div>\n\t\t\t\t\t\t<\/div>\n\t\t\t\t\t<\/div>\n\t\t<\/div>\n\t\t\t\t<div class=\"elementor-column elementor-col-50 elementor-top-column elementor-element elementor-element-7530af4\" data-id=\"7530af4\" data-element_type=\"column\">\n\t\t\t<div class=\"elementor-column-wrap\">\n\t\t\t\t\t\t\t<div class=\"elementor-widget-wrap\">\n\t\t\t\t\t\t\t\t<\/div>\n\t\t\t\t\t<\/div>\n\t\t<\/div>\n\t\t\t\t\t\t\t\t<\/div>\n\t\t\t\t\t<\/div>\n\t\t<\/section>\n\t\t\t\t<section class=\"elementor-section elementor-top-section elementor-element elementor-element-35679d2 elementor-section-boxed elementor-section-height-default elementor-section-height-default\" data-id=\"35679d2\" data-element_type=\"section\">\n\t\t\t\t\t\t<div class=\"elementor-container elementor-column-gap-default\">\n\t\t\t\t\t\t\t<div class=\"elementor-row\">\n\t\t\t\t\t<div class=\"elementor-column elementor-col-100 elementor-top-column elementor-element elementor-element-6d5a784\" data-id=\"6d5a784\" data-element_type=\"column\">\n\t\t\t<div class=\"elementor-column-wrap elementor-element-populated\">\n\t\t\t\t\t\t\t<div class=\"elementor-widget-wrap\">\n\t\t\t\t\t\t<section class=\"elementor-section elementor-inner-section elementor-element elementor-element-9ecd693 elementor-reverse-tablet elementor-section-boxed elementor-section-height-default elementor-section-height-default\" data-id=\"9ecd693\" data-element_type=\"section\">\n\t\t\t\t\t\t<div class=\"elementor-container elementor-column-gap-default\">\n\t\t\t\t\t\t\t<div class=\"elementor-row\">\n\t\t\t\t\t<div class=\"elementor-column elementor-col-50 elementor-inner-column elementor-element elementor-element-91c3d2a\" data-id=\"91c3d2a\" data-element_type=\"column\" data-settings=\"{&quot;animation&quot;:&quot;none&quot;}\">\n\t\t\t<div class=\"elementor-column-wrap elementor-element-populated\">\n\t\t\t\t\t\t\t<div class=\"elementor-widget-wrap\">\n\t\t\t\t\t\t<div class=\"elementor-element elementor-element-87657d1 elementor-widget elementor-widget-image\" data-id=\"87657d1\" data-element_type=\"widget\" data-widget_type=\"image.default\">\n\t\t\t\t<div class=\"elementor-widget-container\">\n\t\t\t\t\t\t\t\t<div class=\"elementor-image\">\n\t\t\t\t\t\t\t\t\t\t\t\t<img decoding=\"async\" width=\"800\" height=\"600\" src=\"https:\/\/cuprum.rs\/wp-content\/uploads\/2020\/02\/00.jpg\" class=\"attachment-large size-large wp-image-238\" alt=\"\" loading=\"lazy\" srcset=\"https:\/\/cuprum.rs\/wp-content\/uploads\/2020\/02\/00.jpg 800w, https:\/\/cuprum.rs\/wp-content\/uploads\/2020\/02\/00-300x225.jpg 300w, https:\/\/cuprum.rs\/wp-content\/uploads\/2020\/02\/00-768x576.jpg 768w\" sizes=\"(max-width: 800px) 100vw, 800px\" \/>\t\t\t\t\t\t\t\t\t\t\t\t\t\t<\/div>\n\t\t\t\t\t\t<\/div>\n\t\t\t\t<\/div>\n\t\t\t\t\t\t<\/div>\n\t\t\t\t\t<\/div>\n\t\t<\/div>\n\t\t\t\t<div class=\"elementor-column elementor-col-50 elementor-inner-column elementor-element elementor-element-a8e367a\" data-id=\"a8e367a\" data-element_type=\"column\" data-settings=\"{&quot;animation&quot;:&quot;none&quot;}\">\n\t\t\t<div class=\"elementor-column-wrap elementor-element-populated\">\n\t\t\t\t\t\t\t<div class=\"elementor-widget-wrap\">\n\t\t\t\t\t\t<div class=\"elementor-element elementor-element-0a56859 elementor-widget elementor-widget-text-editor\" data-id=\"0a56859\" data-element_type=\"widget\" data-widget_type=\"text-editor.default\">\n\t\t\t\t<div class=\"elementor-widget-container\">\n\t\t\t\t\t\t\t\t<div class=\"elementor-text-editor elementor-clearfix\">\n\t\t\t\t<p>At the end of 2005, our company expanded its activities and focused on specialized works in construction, primarily waterproofing works and works of the underlayment type (industrial floors) on residential and commercial construction projects.<\/p>\n\n<p>As part of these activities, together with our then principal SCHOMBURG from Germany (manufacturer of materials in the field of construction chemistry), we cooperated with a number of <span lang=\"x-none\">I<\/span>investors and main contractors such as companies: CD Unoinvest, Monterra, Meridian Balkans, Deneza M in\u017eenjering, Gemax, Trudbenik gradnja, Interprojekt in\u017eenjering, Put in\u017eenjering, Pancevo Oil Refinery, Belgrade Oil Refinery, etc.<\/p>\t\t\t\t\t<\/div>\n\t\t\t\t\t\t<\/div>\n\t\t\t\t<\/div>\n\t\t\t\t\t\t<\/div>\n\t\t\t\t\t<\/div>\n\t\t<\/div>\n\t\t\t\t\t\t\t\t<\/div>\n\t\t\t\t\t<\/div>\n\t\t<\/section>\n\t\t\t\t<section class=\"elementor-section elementor-inner-section elementor-element elementor-element-6d8137a elementor-reverse-mobile elementor-section-boxed elementor-section-height-default elementor-section-height-default\" data-id=\"6d8137a\" data-element_type=\"section\">\n\t\t\t\t\t\t<div class=\"elementor-container elementor-column-gap-default\">\n\t\t\t\t\t\t\t<div class=\"elementor-row\">\n\t\t\t\t\t<div class=\"elementor-column elementor-col-50 elementor-inner-column elementor-element elementor-element-08e3ff3\" data-id=\"08e3ff3\" data-element_type=\"column\" data-settings=\"{&quot;animation&quot;:&quot;none&quot;}\">\n\t\t\t<div class=\"elementor-column-wrap elementor-element-populated\">\n\t\t\t\t\t\t\t<div class=\"elementor-widget-wrap\">\n\t\t\t\t\t\t<div class=\"elementor-element elementor-element-fca4ba4 elementor-widget elementor-widget-text-editor\" data-id=\"fca4ba4\" data-element_type=\"widget\" data-widget_type=\"text-editor.default\">\n\t\t\t\t<div class=\"elementor-widget-container\">\n\t\t\t\t\t\t\t\t<div class=\"elementor-text-editor elementor-clearfix\">\n\t\t\t\t<p>Materials from the SCHOMBURG program with which the works were performed are: polymer cement and polymer bitumen coatings, bentonite tapes, epoxy and polyurethane self-leveling floors, etc. In parallel, the company has a number of contacts with manufacturers of membrane waterproofing materials (PVC and FPO<span lang=\"x-none\"> membrane<\/span>) for foundation structures and flat roofs, such as: EUROFLEX Italy, TEXSA Spain, VWS Germany.<\/p><p>Since 2007, CUPRUM doo has been increasingly dealing with the field of ecology, namely the rehabilitation of existing and construction of new landfills with the aim of procuring and installing standard HDPE (high density polyethylene) membranes for landfills, as well as other materials such as GCL foils, geotextiles, geo drainage and geo erosion foils, etc. The intention is to achieve a serious approach in the business of lining regional landfills in Serbia and abroad with professional staff and cooperation with renowned manufacturers, and, if necessary, assistance to project houses and institutes during project development.<\/p>\t\t\t\t\t<\/div>\n\t\t\t\t\t\t<\/div>\n\t\t\t\t<\/div>\n\t\t\t\t\t\t<\/div>\n\t\t\t\t\t<\/div>\n\t\t<\/div>\n\t\t\t\t<div class=\"elementor-column elementor-col-50 elementor-inner-column elementor-element elementor-element-78a648b\" data-id=\"78a648b\" data-element_type=\"column\" data-settings=\"{&quot;animation&quot;:&quot;none&quot;}\">\n\t\t\t<div class=\"elementor-column-wrap elementor-element-populated\">\n\t\t\t\t\t\t\t<div class=\"elementor-widget-wrap\">\n\t\t\t\t\t\t<div class=\"elementor-element elementor-element-4727512 elementor-widget elementor-widget-image\" data-id=\"4727512\" data-element_type=\"widget\" data-widget_type=\"image.default\">\n\t\t\t\t<div class=\"elementor-widget-container\">\n\t\t\t\t\t\t\t\t<div class=\"elementor-image\">\n\t\t\t\t\t\t\t\t\t\t\t\t<img decoding=\"async\" width=\"1024\" height=\"768\" src=\"https:\/\/cuprum.rs\/wp-content\/uploads\/2020\/02\/cirkovac1_b-1024x768.jpg\" class=\"attachment-large size-large wp-image-156\" alt=\"\" loading=\"lazy\" srcset=\"https:\/\/cuprum.rs\/wp-content\/uploads\/2020\/02\/cirkovac1_b-1024x768.jpg 1024w, https:\/\/cuprum.rs\/wp-content\/uploads\/2020\/02\/cirkovac1_b-300x225.jpg 300w, https:\/\/cuprum.rs\/wp-content\/uploads\/2020\/02\/cirkovac1_b-768x576.jpg 768w, https:\/\/cuprum.rs\/wp-content\/uploads\/2020\/02\/cirkovac1_b.jpg 1440w\" sizes=\"(max-width: 1024px) 100vw, 1024px\" \/>\t\t\t\t\t\t\t\t\t\t\t\t\t\t<\/div>\n\t\t\t\t\t\t<\/div>\n\t\t\t\t<\/div>\n\t\t\t\t\t\t<\/div>\n\t\t\t\t\t<\/div>\n\t\t<\/div>\n\t\t\t\t\t\t\t\t<\/div>\n\t\t\t\t\t<\/div>\n\t\t<\/section>\n\t\t\t\t<section class=\"elementor-section elementor-inner-section elementor-element elementor-element-39d10fc elementor-reverse-tablet elementor-section-boxed elementor-section-height-default elementor-section-height-default\" data-id=\"39d10fc\" data-element_type=\"section\">\n\t\t\t\t\t\t<div class=\"elementor-container elementor-column-gap-default\">\n\t\t\t\t\t\t\t<div class=\"elementor-row\">\n\t\t\t\t\t<div class=\"elementor-column elementor-col-50 elementor-inner-column elementor-element elementor-element-eb1aa10\" data-id=\"eb1aa10\" data-element_type=\"column\" data-settings=\"{&quot;animation&quot;:&quot;none&quot;}\">\n\t\t\t<div class=\"elementor-column-wrap elementor-element-populated\">\n\t\t\t\t\t\t\t<div class=\"elementor-widget-wrap\">\n\t\t\t\t\t\t<div class=\"elementor-element elementor-element-9372ffb elementor-widget elementor-widget-image\" data-id=\"9372ffb\" data-element_type=\"widget\" data-widget_type=\"image.default\">\n\t\t\t\t<div class=\"elementor-widget-container\">\n\t\t\t\t\t\t\t\t<div class=\"elementor-image\">\n\t\t\t\t\t\t\t\t\t\t\t\t<img decoding=\"async\" width=\"800\" height=\"600\" src=\"https:\/\/cuprum.rs\/wp-content\/uploads\/2020\/02\/uzice6_b.jpg\" class=\"attachment-large size-large wp-image-247\" alt=\"\" loading=\"lazy\" srcset=\"https:\/\/cuprum.rs\/wp-content\/uploads\/2020\/02\/uzice6_b.jpg 800w, https:\/\/cuprum.rs\/wp-content\/uploads\/2020\/02\/uzice6_b-300x225.jpg 300w, https:\/\/cuprum.rs\/wp-content\/uploads\/2020\/02\/uzice6_b-768x576.jpg 768w\" sizes=\"(max-width: 800px) 100vw, 800px\" \/>\t\t\t\t\t\t\t\t\t\t\t\t\t\t<\/div>\n\t\t\t\t\t\t<\/div>\n\t\t\t\t<\/div>\n\t\t\t\t\t\t<\/div>\n\t\t\t\t\t<\/div>\n\t\t<\/div>\n\t\t\t\t<div class=\"elementor-column elementor-col-50 elementor-inner-column elementor-element elementor-element-2b28cda\" data-id=\"2b28cda\" data-element_type=\"column\" data-settings=\"{&quot;animation&quot;:&quot;none&quot;}\">\n\t\t\t<div class=\"elementor-column-wrap elementor-element-populated\">\n\t\t\t\t\t\t\t<div class=\"elementor-widget-wrap\">\n\t\t\t\t\t\t<div class=\"elementor-element elementor-element-32a60d0 elementor-widget elementor-widget-text-editor\" data-id=\"32a60d0\" data-element_type=\"widget\" data-widget_type=\"text-editor.default\">\n\t\t\t\t<div class=\"elementor-widget-container\">\n\t\t\t\t\t\t\t\t<div class=\"elementor-text-editor elementor-clearfix\">\n\t\t\t\t<p>Already at the beginning of its work in this area, the company receives an important and responsible job, as a Subcontractor for the municipality of Pancevo, to perform work on the removal of the old and installation of a new HDPE membrane at the regional landfill Dolovo near Pancevo. During 2007, the work included foreign procurement and installation of approx. 40,000.00 m2 HDPE membrane with a thickness of 2.00 m (rough at the position of the slopes and ramparts, and smooth in the body of the landfill). The works were carried out within the agreed deadlines, and after the completion of other construction works by the main contractor, the landfill became the first regional landfill of its type in our country, which was completed in 2008.<br \/><br \/>At the same time (2007 - 2011) we are dealing with the import of waterproofing materials and the execution of waterproofing works with our principal SCHOMBURG from Germany (manufacturer of materials from the field of construction chemistry). Objects we worked on:<br \/><br \/>\u2022 Belgrade Airport \u2013 new Belgrade air traffic control facility<br \/>\u2022 Airport City \u2013 New Belgrade facility<br \/>\u2022 Building in \u017di\u010dka, Belgrade<br \/>\u2022 Production of epoxy antistatic floor \"Henkel\" In\u0111ija, hall<br \/>\u2022 Production of epoxy floor for the facility \"Holcim\" in Novi Popovac<br \/>\u2022 Construction of settling tank waterproofing - Belgrade Nafta Refinery<br \/>\u2022 Energy status of \"Morava\" airport in La\u0111evci - complete facility<br \/>\u2022 Department store \"Pionir\" - Ni\u0161<br \/>\u2022 Hotel complex: \"Jabu\u010dko ravni\u0161te - Stara planina\" waterproofing of foundations and foundation slabs with HDPE film<br \/>\u2022 Garage in Mackenzie Street<br \/>\u2022 Garage in Sokolska Street<br \/>\u2022 Water purification tank Gemax Subotica<br \/>\u2022 Waterproofing of the roof bay - Casino Hotel Yugoslavia<br \/>\u2022 Plant for the treatment of waste lye in the Pan\u010devo Oil Refinery<br \/>\u2022 Animal waste landfills Ka\u0107 and Kisa\u010d - HDPE + geotextile + geogrid - procurement and installation<br \/>\u2022 Production of epoxy floor coating in garages - Panorama Dedinje<br \/>\u2022 Production of epoxy antistatic floor - ZZIN - Belgrade Mint<br \/>\u2022 Residential and commercial building in ul. Vojvode Brane 41, Belgrade - waterproofing<br \/>\u2022 Sports hall in Banatski Novi Selo - HI floor slabs<br \/>\u2022 Production of epoxy floor - Hall, Pan\u010devo Bakery<br \/>\u2022 Production of epoxy floor and waterproofing - Hall, Panonija Pancevo<br \/>\u2022 Garage in Zdravka \u010celara Street, Belgrade<br \/>\u2022 AQUAPARK, Novi Belgrade - stopped construction until further notice<br \/>\u2022 Hall - Printing house \"Zapis\" Arandjelovac<\/p>\t\t\t\t\t<\/div>\n\t\t\t\t\t\t<\/div>\n\t\t\t\t<\/div>\n\t\t\t\t\t\t<\/div>\n\t\t\t\t\t<\/div>\n\t\t<\/div>\n\t\t\t\t\t\t\t\t<\/div>\n\t\t\t\t\t<\/div>\n\t\t<\/section>\n\t\t\t\t<section class=\"elementor-section elementor-inner-section elementor-element elementor-element-49f8795 elementor-reverse-mobile elementor-section-boxed elementor-section-height-default elementor-section-height-default\" data-id=\"49f8795\" data-element_type=\"section\">\n\t\t\t\t\t\t<div class=\"elementor-container elementor-column-gap-default\">\n\t\t\t\t\t\t\t<div class=\"elementor-row\">\n\t\t\t\t\t<div class=\"elementor-column elementor-col-50 elementor-inner-column elementor-element elementor-element-9d4a2b8\" data-id=\"9d4a2b8\" data-element_type=\"column\" data-settings=\"{&quot;animation&quot;:&quot;none&quot;}\">\n\t\t\t<div class=\"elementor-column-wrap elementor-element-populated\">\n\t\t\t\t\t\t\t<div class=\"elementor-widget-wrap\">\n\t\t\t\t\t\t<div class=\"elementor-element elementor-element-b22fba5 elementor-widget elementor-widget-text-editor\" data-id=\"b22fba5\" data-element_type=\"widget\" data-widget_type=\"text-editor.default\">\n\t\t\t\t<div class=\"elementor-widget-container\">\n\t\t\t\t\t\t\t\t<div class=\"elementor-text-editor elementor-clearfix\">\n\t\t\t\t<p>In the meantime, intensive business cooperation between our company and the Italian company UNI ECO, which specializes in environmental projects, was achieved, and based on this cooperation, a contract was signed for the procurement of materials and the execution of works at the regional landfill Duboko near U\u017eice. The work was carried out with approximately 70,000.00 m2 of HDPE membrane installed with the same amount of geotextile (two types of 400 gr\/m2 and 800 gr\/m2), bentonite waterproof cover, so-called GCL layer, as well as approx. 50,000.00 m2 of geo erosion network. In addition, works were carried out on lining animal waste landfills in the vicinity of Novi Sad (Ka\u0107 and Kisa\u010d), slag and ash landfills of the Kostolac - \u0106irikovac thermal power plant.<br><br>In previous years, cooperation was achieved with project houses (Ma\u0161inoprojekt, Arco projekt, Spreg, Hidrozavod DTD, etc.) through which our company participated in a number of projects and solving details related to waterproofing in buildings, civil engineering, hydro construction, etc.<br><br>2011-2012. We have been intensively continuing with the procurement and installation of HDPE film in the II phase of covering the above-mentioned slag and ash landfill of the Kostolac Thermal Power Plant in \u0106irikovac, which means another 120,000.00 m2. The material manufacturers with whom we had cooperation at that time are: AGRU Austria, RKW Germany, ATARFIL Spain, FONTANA Italy, TEMA Italy, EUROBENT Poland, etc.<br><br>From 2013 to 2018, we carried out works on the installation of HDPE geomembrane, geotextile, GCL (bentonite membrane) on the ash and slag pit of the Kostolac TPP in \u0106irikovac ~ 500,000 m2 - partial annual execution and at the same time we cover smaller construction sites with the procurement and installation of membranes.<br><br>2018 \u2013 2019 as representatives of foreign companies Carlisle Holland (producers of EPDM geomembranes) and Manifattura Fontana Italy (producer of all types of Geotextiles)<br>We deliver and install EPDM geomembrane and Geotextile at the facility. Performance of works on the regulation of the river Pe\u0161tan - Baro\u0161evac, for the newly constructed river bed of 4 kilometers in length.<br>In Kr\u010dedin, we are carrying out work on covering the storage pool of the antifreeze system for apple plantations with geotextile and HDPE geomembrane with penetration treatment. 40,000 m2<br>During 2018-2020, we are also carrying out works on the installation of HDPE geomembrane on the expansion of the ash landfill in \u0106irikovac - Kostolac for the needs of JP EPS of Serbia ~300,000 m2<\/p>\n<p>In 2020 - 2021, we are carrying out work on the new landfill in Vin\u010da, on the installation of geotextiles, GCL bentonite membrane, as well as HDPE geomembrane with special treatment of lagoons, ramparts and penetrations.<\/p>\n<p>In 2022, we officially become representatives of Solmax Germany for the distribution of their products in Serbia, Montenegro, Bosnia and Herzegovina and Macedonia.<br>425,000m2 of HDPE geomembrane manufactured by Solmax was delivered for the needs of the ash landfill in \u0106irikovac, Kostolac JP EPS.<br>In Bosnia and Herzegovina, 60,000 m2 of HDPE geomembrane was delivered to the Gacko BIH landfill.<\/p>\t\t\t\t\t<\/div>\n\t\t\t\t\t\t<\/div>\n\t\t\t\t<\/div>\n\t\t\t\t\t\t<\/div>\n\t\t\t\t\t<\/div>\n\t\t<\/div>\n\t\t\t\t<div class=\"elementor-column elementor-col-50 elementor-inner-column elementor-element elementor-element-524b83f\" data-id=\"524b83f\" data-element_type=\"column\" data-settings=\"{&quot;animation&quot;:&quot;none&quot;}\">\n\t\t\t<div class=\"elementor-column-wrap elementor-element-populated\">\n\t\t\t\t\t\t\t<div class=\"elementor-widget-wrap\">\n\t\t\t\t\t\t<div class=\"elementor-element elementor-element-f75f2ae elementor-widget elementor-widget-image\" data-id=\"f75f2ae\" data-element_type=\"widget\" data-widget_type=\"image.default\">\n\t\t\t\t<div class=\"elementor-widget-container\">\n\t\t\t\t\t\t\t\t<div class=\"elementor-image\">\n\t\t\t\t\t\t\t\t\t\t\t\t<img decoding=\"async\" width=\"800\" height=\"600\" src=\"https:\/\/cuprum.rs\/wp-content\/uploads\/2020\/02\/dolovo3_b.jpg\" class=\"attachment-large size-large wp-image-248\" alt=\"\" loading=\"lazy\" srcset=\"https:\/\/cuprum.rs\/wp-content\/uploads\/2020\/02\/dolovo3_b.jpg 800w, https:\/\/cuprum.rs\/wp-content\/uploads\/2020\/02\/dolovo3_b-300x225.jpg 300w, https:\/\/cuprum.rs\/wp-content\/uploads\/2020\/02\/dolovo3_b-768x576.jpg 768w\" sizes=\"(max-width: 800px) 100vw, 800px\" \/>\t\t\t\t\t\t\t\t\t\t\t\t\t\t<\/div>\n\t\t\t\t\t\t<\/div>\n\t\t\t\t<\/div>\n\t\t\t\t\t\t<\/div>\n\t\t\t\t\t<\/div>\n\t\t<\/div>\n\t\t\t\t\t\t\t\t<\/div>\n\t\t\t\t\t<\/div>\n\t\t<\/section>\n\t\t\t\t\t\t<\/div>\n\t\t\t\t\t<\/div>\n\t\t<\/div>\n\t\t\t\t\t\t\t\t<\/div>\n\t\t\t\t\t<\/div>\n\t\t<\/section>\n\t\t\t\t<section class=\"elementor-section elementor-top-section elementor-element elementor-element-80abe17 elementor-section-content-middle elementor-section-boxed elementor-section-height-default elementor-section-height-default\" data-id=\"80abe17\" data-element_type=\"section\" data-settings=\"{&quot;background_background&quot;:&quot;classic&quot;}\">\n\t\t\t\t\t\t\t<div class=\"elementor-background-overlay\"><\/div>\n\t\t\t\t\t\t\t<div class=\"elementor-container elementor-column-gap-default\">\n\t\t\t\t\t\t\t<div class=\"elementor-row\">\n\t\t\t\t\t<div class=\"elementor-column elementor-col-100 elementor-top-column elementor-element elementor-element-009ed27\" data-id=\"009ed27\" data-element_type=\"column\">\n\t\t\t<div class=\"elementor-column-wrap elementor-element-populated\">\n\t\t\t\t\t\t\t<div class=\"elementor-widget-wrap\">\n\t\t\t\t\t\t<div class=\"elementor-element elementor-element-6211a2e elementor-align-center elementor-mobile-align-center elementor-widget elementor-widget-button\" data-id=\"6211a2e\" data-element_type=\"widget\" data-widget_type=\"button.default\">\n\t\t\t\t<div class=\"elementor-widget-container\">\n\t\t\t\t\t<div class=\"elementor-button-wrapper\">\n\t\t\t<a href=\"https:\/\/cuprum.rs\/en\/kontakt\/\" class=\"elementor-button-link elementor-button elementor-size-sm elementor-animation-float\" role=\"button\">\n\t\t\t\t\t\t<span class=\"elementor-button-content-wrapper\">\n\t\t\t\t\t\t\t<span class=\"elementor-button-icon elementor-align-icon-left\">\n\t\t\t\t\t\t\t<\/span>\n\t\t\t\t\t\t<span class=\"elementor-button-text\">Contact us<\/span>\n\t\t<\/span>\n\t\t\t\t\t<\/a>\n\t\t<\/div>\n\t\t\t\t<\/div>\n\t\t\t\t<\/div>\n\t\t\t\t\t\t<\/div>\n\t\t\t\t\t<\/div>\n\t\t<\/div>\n\t\t\t\t\t\t\t\t<\/div>\n\t\t\t\t\t<\/div>\n\t\t<\/section>\n\t\t\t\t\t\t\t\t\t<\/div>\n\t\t\t<\/div>\n\t\t\t\t\t<\/div>","protected":false},"excerpt":{"rendered":"<p>Istorijat firme Firma CUPRUM doo je osnovana 1992. godine i tokom prve dekade svog postojanja i poslovanja bavili smo se zastupanjem i distribucijom proizvodnog programa Von Roll Isola, \u0161vajcarskog proizvo\u0111a\u010da elektroizolacionih materijala namenjenih za proizvodnju i remont elektro motora (uklju\u010duju\u0107i vu\u010dne motore), generatora, transformatora, indukcionih pe\u0107i, power magneta za dizalice i to svih snaga i \u2026<\/p>\n<p class=\"read-more\"> <a class=\"\" href=\"https:\/\/cuprum.rs\/en\/istorijat\/\"> <span class=\"screen-reader-text\">Istorijat<\/span> Read More \u00bb<\/a><\/p>","protected":false},"author":1,"featured_media":0,"parent":0,"menu_order":0,"comment_status":"closed","ping_status":"closed","template":"elementor_header_footer","meta":{"site-sidebar-layout":"no-sidebar","site-content-layout":"page-builder","ast-global-header-display":"","ast-main-header-display":"","ast-hfb-above-header-display":"","ast-hfb-below-header-display":"","ast-hfb-mobile-header-display":"","site-post-title":"","ast-breadcrumbs-content":"","ast-featured-img":"","footer-sml-layout":"","theme-transparent-header-meta":"default","adv-header-id-meta":"","stick-header-meta":"","header-above-stick-meta":"","header-main-stick-meta":"","header-below-stick-meta":""},"_links":{"self":[{"href":"https:\/\/cuprum.rs\/en\/wp-json\/wp\/v2\/pages\/649"}],"collection":[{"href":"https:\/\/cuprum.rs\/en\/wp-json\/wp\/v2\/pages"}],"about":[{"href":"https:\/\/cuprum.rs\/en\/wp-json\/wp\/v2\/types\/page"}],"author":[{"embeddable":true,"href":"https:\/\/cuprum.rs\/en\/wp-json\/wp\/v2\/users\/1"}],"replies":[{"embeddable":true,"href":"https:\/\/cuprum.rs\/en\/wp-json\/wp\/v2\/comments?post=649"}],"version-history":[{"count":4,"href":"https:\/\/cuprum.rs\/en\/wp-json\/wp\/v2\/pages\/649\/revisions"}],"predecessor-version":[{"id":693,"href":"https:\/\/cuprum.rs\/en\/wp-json\/wp\/v2\/pages\/649\/revisions\/693"}],"wp:attachment":[{"href":"https:\/\/cuprum.rs\/en\/wp-json\/wp\/v2\/media?parent=649"}],"curies":[{"name":"wp","href":"https:\/\/api.w.org\/{rel}","templated":true}]}}